{"id":226,"date":"2024-10-16T17:54:38","date_gmt":"2024-10-16T15:54:38","guid":{"rendered":"https:\/\/www.defbeat.de\/?page_id=226"},"modified":"2024-10-16T17:55:39","modified_gmt":"2024-10-16T15:55:39","slug":"datenschutz","status":"publish","type":"page","link":"https:\/\/www.defbeat.de\/en\/datenschutz\/","title":{"rendered":"Privacy Policy"},"content":{"rendered":"<div class=\"wpb-content-wrapper\"><div class=\"vc_row wpb_row vc_row-fluid\"><div class=\"wpb_column vc_column_container vc_col-sm-12\"><div class=\"vc_column-inner\"><div class=\"wpb_wrapper\">\r\n\t<div class=\"wpb_text_column wpb_content_element\" >\r\n\t\t<div class=\"wpb_wrapper\">\r\n\t\t\t<p style=\"text-align: justify;\"><strong>DATA PROTECTION<\/strong><\/p>\n<p style=\"text-align: justify;\">The use of our website is generally possible without providing personal data. As far as personal data (such as name, address, or email addresses) is collected on our pages, this is always done on a voluntary basis whenever possible. This data will not be disclosed to third parties without your explicit consent.<\/p>\n<p style=\"text-align: justify;\">We would like to point out that data transmission over the internet (e.g., when communicating via email) may have security vulnerabilities. A complete protection of data from access by third parties is not possible.<\/p>\n<p style=\"text-align: justify;\">The use of contact data published as part of the imprint obligation by third parties for the purpose of sending unsolicited advertising and informational materials is hereby expressly opposed. The operators of the sites expressly reserve the right to take legal action in the event of unsolicited delivery of advertising information, such as spam emails.<\/p>\n<p style=\"text-align: justify;\"><strong>Rights to Access, Rectification, Blocking, Deletion, and Objection<br \/>\n<\/strong>You have the right to request information about your personal data stored with us at any time. You also have the right to rectification, blocking, or deletion of your personal data, except for the data storage required for business transactions. Please contact us via email at: info@defbeat.com.<\/p>\n<p style=\"text-align: justify;\">In order for a blocking of data to be considered at any time, these data must be maintained in a blocking file for control purposes. You may also request the deletion of the data, provided that there is no legal obligation to retain it. If such an obligation exists, we will block your data upon request.<\/p>\n<p style=\"text-align: justify;\">You can make changes or revoke your consent by notifying us accordingly, effective for the future.<\/p>\n<p style=\"text-align: justify;\"><strong>Changes to Our Privacy Policy<\/strong><br \/>\nWe reserve the right to adjust this privacy policy to ensure it always meets current legal requirements or to implement changes to our services in the privacy policy, e.g., when introducing new services. The new privacy policy will then apply to your subsequent visits.<\/p>\n<p style=\"text-align: justify;\"><strong>Questions Regarding Data Protection<\/strong><br \/>\nIf you have any questions regarding data protection, please send us an email at info@defbeat.com.<\/p>\n<p style=\"text-align: justify;\"><strong>Google Analytics<\/strong><br \/>\nThis website uses Google Analytics, a web analytics service provided by Google Inc. (\u201cGoogle\u201d). Google Analytics uses so-called \u201ccookies,\u201d text files that are stored on your computer and enable an analysis of your use of the website. The information generated by the cookie regarding your use of this website (including your IP address) is transmitted to a server of Google in the USA and stored there. Google will use this information to evaluate your use of the website, compile reports on website activities for website operators, and provide further services related to website usage and internet usage. Google may also transfer this information to third parties if required by law or if third parties process this data on behalf of Google. In no case will Google associate your IP address with other data held by Google. You can prevent the installation of cookies by adjusting your browser software accordingly; however, we would like to point out that in this case, you may not be able to use all the features of this website to their full extent. By using this website, you consent to the processing of data about you by Google in the manner and for the purposes described above.<\/p>\n<p style=\"text-align: justify;\"><strong>Google AdSense<\/strong><br \/>\nThis website uses Google AdSense, an online advertising service from Google Inc., USA (\u201cGoogle\u201d). Google AdSense uses so-called \u201ccookies\u201d (text files) that are stored on your computer and allow for an analysis of your use of the website. Google AdSense also uses so-called \u201cweb beacons\u201d (small invisible graphics) to collect information. By using web beacons, simple actions such as visitor traffic on the website can be recorded and collected. The information generated by the cookie and\/or web beacon regarding your use of this website (including your IP address) is transmitted to a server of Google in the USA and stored there. Google will use this information to evaluate your use of the website in relation to the advertisements, compile reports on website activities and advertisements for website operators, and provide further services related to website usage and internet usage. Google may also transfer this information to third parties if required by law or if third parties process this data on behalf of Google. In no case will Google associate your IP address with other data held by Google. You can prevent the storage of cookies on your hard drive and the display of web beacons by selecting \u201cdo not accept cookies\u201d in your browser settings (in MS Internet Explorer under \u201cTools &gt; Internet Options &gt; Privacy &gt; Settings\u201d; in Firefox under \u201cTools &gt; Options &gt; Privacy &gt; Cookies\u201d); however, we would like to point out that in this case, you may not be able to use all the features of this website to their full extent. By using this website, you consent to the processing of data about you by Google in the manner and for the purposes described above.<\/p>\n\r\n\t\t<\/div>\r\n\t<\/div>\r\n<\/div><\/div><\/div><\/div>\n<\/div>","protected":false},"excerpt":{"rendered":"<p>DATENSCHUTZ Die Nutzung unserer Webseite ist in der Regel ohne Angabe personenbezogener Daten m\u00f6glich. Soweit auf unseren Seiten personenbezogene Daten (beispielsweise Name, Anschrift oder eMail-Adressen) erhoben werden, erfolgt dies, soweit m\u00f6glich, stets auf freiwilliger Basis. Diese Daten werden ohne Ihre ausdr\u00fcckliche Zustimmung nicht an Dritte weitergegeben. Wir weisen darauf hin, dass die Daten\u00fcbertragung im Internet&hellip;<\/p>","protected":false},"author":1,"featured_media":0,"parent":0,"menu_order":0,"comment_status":"closed","ping_status":"closed","template":"","meta":{"inline_featured_image":false,"footnotes":""},"class_list":["post-226","page","type-page","status-publish","hentry","description-off"],"_links":{"self":[{"href":"https:\/\/www.defbeat.de\/en\/wp-json\/wp\/v2\/pages\/226","targetHints":{"allow":["GET"]}}],"collection":[{"href":"https:\/\/www.defbeat.de\/en\/wp-json\/wp\/v2\/pages"}],"about":[{"href":"https:\/\/www.defbeat.de\/en\/wp-json\/wp\/v2\/types\/page"}],"author":[{"embeddable":true,"href":"https:\/\/www.defbeat.de\/en\/wp-json\/wp\/v2\/users\/1"}],"replies":[{"embeddable":true,"href":"https:\/\/www.defbeat.de\/en\/wp-json\/wp\/v2\/comments?post=226"}],"version-history":[{"count":0,"href":"https:\/\/www.defbeat.de\/en\/wp-json\/wp\/v2\/pages\/226\/revisions"}],"wp:attachment":[{"href":"https:\/\/www.defbeat.de\/en\/wp-json\/wp\/v2\/media?parent=226"}],"curies":[{"name":"wp","href":"https:\/\/api.w.org\/{rel}","templated":true}]}}