{"id":222,"date":"2024-10-16T17:47:22","date_gmt":"2024-10-16T15:47:22","guid":{"rendered":"https:\/\/www.defbeat.de\/?page_id=222"},"modified":"2026-04-14T11:58:29","modified_gmt":"2026-04-14T09:58:29","slug":"impressum","status":"publish","type":"page","link":"https:\/\/www.defbeat.de\/en\/impressum\/","title":{"rendered":"Imprint"},"content":{"rendered":"<div class=\"wpb-content-wrapper\"><div class=\"vc_row wpb_row vc_row-fluid\"><div class=\"wpb_column vc_column_container vc_col-sm-12\"><div class=\"vc_column-inner\"><div class=\"wpb_wrapper\">\r\n\t<div class=\"wpb_text_column wpb_content_element\" >\r\n\t\t<div class=\"wpb_wrapper\">\r\n\t\t\t<p style=\"text-align: justify;\"><strong>IMPRINT<img loading=\"lazy\" decoding=\"async\" class=\"wp-image-23 alignright\" src=\"https:\/\/www.defbeat.de\/wp-content\/uploads\/defbeat_media_logo.png\" alt=\"\" width=\"243\" height=\"74\" srcset=\"https:\/\/www.defbeat.de\/wp-content\/uploads\/defbeat_media_logo.png 1342w, https:\/\/www.defbeat.de\/wp-content\/uploads\/defbeat_media_logo-300x92.png 300w, https:\/\/www.defbeat.de\/wp-content\/uploads\/defbeat_media_logo-1024x313.png 1024w, https:\/\/www.defbeat.de\/wp-content\/uploads\/defbeat_media_logo-768x235.png 768w\" sizes=\"auto, (max-width: 243px) 100vw, 243px\" \/><\/strong><\/p>\n<p style=\"text-align: justify;\"><strong>DEFBEAT<br \/>\n<\/strong>Oberntorwall 25<br \/>\n33602 Bielefeld, Germany<\/p>\n<p style=\"text-align: justify;\"><strong>Contact:<\/strong><br \/>\nTelefon: +49 (0) 178 333 23 28<br \/>\nE-Mail: info@defbeat.com<\/p>\n<p style=\"text-align: justify;\"><strong>Tax ID:<\/strong><br \/>\nUmsatzsteuer-Identifikationsnummer gem\u00e4\u00df \u00a727a Umsatzsteuergesetz: DE451333087<\/p>\n<p style=\"text-align: justify;\">Defbeat Media ist eine Marke von Defbeat.<\/p>\n<p style=\"text-align: justify;\"><strong>Disclaimer:<\/strong><\/p>\n<p style=\"text-align: justify;\"><strong>Liability for Content<\/strong><br \/>\nThe contents of our pages have been created with the utmost care. However, we cannot guarantee the accuracy, completeness, or timeliness of the content. As service providers, we are responsible for our own content on these pages in accordance with general laws, as stated in \u00a7 7 Abs. 1 TMG. However, according to \u00a7\u00a7 8 to 10 TMG, we are not obligated as service providers to monitor transmitted or stored external information or to investigate circumstances that indicate illegal activity. Obligations to remove or block the use of information under general laws remain unaffected. However, liability in this regard is only possible from the point in time at which we become aware of a specific legal violation. Upon becoming aware of corresponding legal violations, we will promptly remove this content.<\/p>\n<p style=\"text-align: justify;\"><strong>Liability for Links<\/strong><br \/>\nOur offer contains links to external websites of third parties, over which we have no influence on the content. Therefore, we cannot accept any responsibility for these foreign contents. The respective provider or operator of the pages is always responsible for the content of the linked sites. The linked pages were checked for possible legal violations at the time of linking. Illegal content was not recognizable at the time of linking. However, a permanent content control of the linked pages is not reasonable without concrete evidence of a legal violation. Upon becoming aware of legal violations, we will promptly remove such links.<\/p>\n<p style=\"text-align: justify;\"><strong>Copyright<\/strong><br \/>\nThe content and works created by the site operators on these pages are subject to German copyright law. The reproduction, editing, distribution, and any form of exploitation beyond the limits of copyright require the written consent of the respective author or creator. Downloads and copies of this site are only permitted for private, non-commercial use. As far as the content on this site is not created by the operator, the copyrights of third parties are respected. In particular, third-party content is marked as such. If you become aware of a copyright infringement, we kindly ask you to notify us. Upon becoming aware of legal violations, we will promptly remove such content.<\/p>\n\r\n\t\t<\/div>\r\n\t<\/div>\r\n<\/div><\/div><\/div><\/div>\n<\/div>","protected":false},"excerpt":{"rendered":"<p>IMPRESSUM DEFBEAT Oberntorwall 25 33602 Bielefeld Kontakt: Telefon: +49 (0) 178 333 23 28 E-Mail: info@defbeat.com Umsatzsteuer-ID: Umsatzsteuer-Identifikationsnummer gem\u00e4\u00df \u00a727a Umsatzsteuergesetz: DE451333087 Defbeat Media ist eine Marke von Defbeat. Haftungsausschluss: Haftung f\u00fcr Inhalte Die Inhalte unserer Seiten wurden mit gr\u00f6\u00dfter Sorgfalt erstellt. F\u00fcr die Richtigkeit, Vollst\u00e4ndigkeit und Aktualit\u00e4t der Inhalte k\u00f6nnen wir jedoch keine Gew\u00e4hr&hellip;<\/p>","protected":false},"author":1,"featured_media":0,"parent":0,"menu_order":0,"comment_status":"closed","ping_status":"closed","template":"","meta":{"inline_featured_image":false,"footnotes":""},"class_list":["post-222","page","type-page","status-publish","hentry","description-off"],"_links":{"self":[{"href":"https:\/\/www.defbeat.de\/en\/wp-json\/wp\/v2\/pages\/222","targetHints":{"allow":["GET"]}}],"collection":[{"href":"https:\/\/www.defbeat.de\/en\/wp-json\/wp\/v2\/pages"}],"about":[{"href":"https:\/\/www.defbeat.de\/en\/wp-json\/wp\/v2\/types\/page"}],"author":[{"embeddable":true,"href":"https:\/\/www.defbeat.de\/en\/wp-json\/wp\/v2\/users\/1"}],"replies":[{"embeddable":true,"href":"https:\/\/www.defbeat.de\/en\/wp-json\/wp\/v2\/comments?post=222"}],"version-history":[{"count":3,"href":"https:\/\/www.defbeat.de\/en\/wp-json\/wp\/v2\/pages\/222\/revisions"}],"predecessor-version":[{"id":333,"href":"https:\/\/www.defbeat.de\/en\/wp-json\/wp\/v2\/pages\/222\/revisions\/333"}],"wp:attachment":[{"href":"https:\/\/www.defbeat.de\/en\/wp-json\/wp\/v2\/media?parent=222"}],"curies":[{"name":"wp","href":"https:\/\/api.w.org\/{rel}","templated":true}]}}